{"id":34,"date":"2022-01-08T14:50:48","date_gmt":"2022-01-08T13:50:48","guid":{"rendered":"http:\/\/shop.elektronord.de\/?post_type=product&#038;p=34"},"modified":"2022-01-09T19:26:12","modified_gmt":"2022-01-09T18:26:12","slug":"haben-oder-sein-jens-boettcher","status":"publish","type":"product","link":"https:\/\/schwarzweissradio.de\/shop\/produkt\/haben-oder-sein-jens-boettcher\/","title":{"rendered":"Jens B\u00f6ttcher &#8211; Am Ende des Tages \u00b7 CD"},"content":{"rendered":"","protected":false},"excerpt":{"rendered":"<p><strong>Am Ende des Tages<\/strong><br \/>\nCD im Digipack. Mit 8 Seiten Booklet.<br \/>\nCompilation-Album mit einer Auswahl von B\u00f6ttcher-Songs von diversen (teilweise vergriffenen) Alben plus unver\u00f6ffentlichte Lieder, alternative Mixe, Rarit\u00e4ten (inkl. \u201eLass dich nicht fallen\u201c, \u201eWann immer du willst\u201c, \u201eJunkie\u201c, \u201ePilger auf fremden Pfaden\u201c etc.)<\/p>\n","protected":false},"featured_media":37,"template":"","meta":[],"product_cat":[19],"product_tag":[],"_links":{"self":[{"href":"https:\/\/schwarzweissradio.de\/shop\/wp-json\/wp\/v2\/product\/34"}],"collection":[{"href":"https:\/\/schwarzweissradio.de\/shop\/wp-json\/wp\/v2\/product"}],"about":[{"href":"https:\/\/schwarzweissradio.de\/shop\/wp-json\/wp\/v2\/types\/product"}],"wp:featuredmedia":[{"embeddable":true,"href":"https:\/\/schwarzweissradio.de\/shop\/wp-json\/wp\/v2\/media\/37"}],"wp:attachment":[{"href":"https:\/\/schwarzweissradio.de\/shop\/wp-json\/wp\/v2\/media?parent=34"}],"wp:term":[{"taxonomy":"product_cat","embeddable":true,"href":"https:\/\/schwarzweissradio.de\/shop\/wp-json\/wp\/v2\/product_cat?post=34"},{"taxonomy":"product_tag","embeddable":true,"href":"https:\/\/schwarzweissradio.de\/shop\/wp-json\/wp\/v2\/product_tag?post=34"}],"curies":[{"name":"wp","href":"https:\/\/api.w.org\/{rel}","templated":true}]}}