{"id":252,"date":"2022-03-14T11:27:09","date_gmt":"2022-03-14T10:27:09","guid":{"rendered":"https:\/\/schwarzweissradio.de\/shop\/?post_type=product&#038;p=252"},"modified":"2022-03-14T11:31:38","modified_gmt":"2022-03-14T10:31:38","slug":"henry-sperling-wullefump-die-reise-ans-meer-%c2%b7-mp3-hoerbuch","status":"publish","type":"product","link":"https:\/\/schwarzweissradio.de\/shop\/produkt\/henry-sperling-wullefump-die-reise-ans-meer-%c2%b7-mp3-hoerbuch\/","title":{"rendered":"Henry Sperling &#8211; Wullefump &#8222;Die Reise ans Meer&#8220; \u00b7 mp3 H\u00f6rbuch"},"content":{"rendered":"","protected":false},"excerpt":{"rendered":"<p><strong>Henry Sperling: <\/strong><strong>WULLEFUMP &#8222;<\/strong><strong>Die Reise ans Meer&#8220;<\/strong><\/p>\n<p>mp3 H\u00f6rbuch 79 Minuten &#8211; <em>gelesen von Jens B\u00f6ttcher.<\/em><\/p>\n<p><strong>Ist es ein Elch, ein Fuchs, ein Fisch? Ist es ein Seeungeheuer? Nein! <\/strong><strong>Es ist WULLEFUMP!<\/strong><\/p>\n<p><em>Im S\u00fcffelsee lebt ein Wesen, das anders ist, als alle anderen: Der \u00fcberaus liebenswerte Wullefump. Bauer Schlocke hat schonmal seinen riesigen R\u00fccken an der Wasseroberfl\u00e4che aufblitzen sehen und glaubt, er sei ein geheimnisvolles Seeungeheuer. Wullefumps allerbester M\u00f6wenkumpel Maximus wei\u00df das nat\u00fcrlich besser: Wullefump ist doch kein Ungeheuer, sondern einfach nur der knuffelige Wullefump! Schlocke und Maximus schmieden gemeinsam einen Plan, um Wullefump seinen Traum von einer Reise ans Meer zu erm\u00f6glichen. Vielleicht gibt es dort im Meer ja noch mehr von seiner Art.<\/em><\/p>\n<p><em>Wird es den Freunden gelingen, Wullefump zu helfen? Werden sie es schaffen, ihren Kumpel in das gro\u00dfe Fass Fassbrause von Getr\u00e4nkeh\u00e4ndler Fippsen zu hieven? Oder wird der fiese Bauer Pampel ihre Pl\u00e4ne noch durchkreuzen?<\/em><\/p>\n","protected":false},"featured_media":89,"template":"","meta":[],"product_cat":[21],"product_tag":[],"_links":{"self":[{"href":"https:\/\/schwarzweissradio.de\/shop\/wp-json\/wp\/v2\/product\/252"}],"collection":[{"href":"https:\/\/schwarzweissradio.de\/shop\/wp-json\/wp\/v2\/product"}],"about":[{"href":"https:\/\/schwarzweissradio.de\/shop\/wp-json\/wp\/v2\/types\/product"}],"wp:featuredmedia":[{"embeddable":true,"href":"https:\/\/schwarzweissradio.de\/shop\/wp-json\/wp\/v2\/media\/89"}],"wp:attachment":[{"href":"https:\/\/schwarzweissradio.de\/shop\/wp-json\/wp\/v2\/media?parent=252"}],"wp:term":[{"taxonomy":"product_cat","embeddable":true,"href":"https:\/\/schwarzweissradio.de\/shop\/wp-json\/wp\/v2\/product_cat?post=252"},{"taxonomy":"product_tag","embeddable":true,"href":"https:\/\/schwarzweissradio.de\/shop\/wp-json\/wp\/v2\/product_tag?post=252"}],"curies":[{"name":"wp","href":"https:\/\/api.w.org\/{rel}","templated":true}]}}