{"id":200,"date":"2022-01-18T19:26:42","date_gmt":"2022-01-18T18:26:42","guid":{"rendered":"https:\/\/schwarzweissradio.de\/shop\/?post_type=product&#038;p=200"},"modified":"2022-01-19T21:31:02","modified_gmt":"2022-01-19T20:31:02","slug":"kaeptn-wattenschnack-und-die-suche-nach-dem-heiligen-karl-%c2%b7-mp3-hoerspiel","status":"publish","type":"product","link":"https:\/\/schwarzweissradio.de\/shop\/produkt\/kaeptn-wattenschnack-und-die-suche-nach-dem-heiligen-karl-%c2%b7-mp3-hoerspiel\/","title":{"rendered":"K\u00e4pt`n Wattenschnack und die Suche nach dem Heiligen Karl \u00b7 mp3 H\u00f6rspiel"},"content":{"rendered":"","protected":false},"excerpt":{"rendered":"<p><strong><span style=\"font-size: medium;\">Henry Sperling<\/span><\/strong><span style=\"font-size: medium;\"><br \/>\n<\/span><strong><span style=\"font-size: medium;\">K\u00e4pt`n Wattenschnack und die Suche nach dem Heiligen Karl<\/span><\/strong><\/p>\n<p><span style=\"font-size: medium;\">mp3 H\u00f6rspiel<br \/>\n<\/span><\/p>\n<p><span style=\"font-size: medium;\">Mit der zweiten Wattenschnack-H\u00f6rspiel-CD ist dem Hamburger Autoren Henry Sperling und seiner K\u00fcnstlerbesatzung von schwarzweissradio wieder ein Meisterst\u00fcck skurrilen, nordischen Humors gelungen. War schon das erste Abenteuer des ber\u00fcchtigten Seemanns Wattenschnack (wunderbar gespielt von Gerd-Ekken Gerdes) ein Fest f\u00fcr alle Liebhaber von verr\u00fccktem Seemannsgarn, gelingt Sperling hier mit K\u00e4pt\u00b4n Wattenschnack und die Suche nach dem Heiligen Karl der Sprung auf das n\u00e4chste Level des gepflegten Wortirrsinns. Ganz Amrum ist in Feierstimmung, um dem ber\u00fchmten K\u00e4pt&#8217;n Wattenschnack einen ganz bannigen Ehrenempfang f\u00fcr dessen ruhmreiche Verdienste zu bereiten. Dummerweise hat die b\u00f6se Poseidonade Anita alle Inselbewohner entf\u00fchrt und deren Freilassung an die L\u00f6sung eines R\u00e4tsels gekn\u00fcpft, das wahrscheinlich nur der geheimnisvolle Heilige Karl l\u00f6sen kann. Doch damit nicht genug, denn, ach du Schreck: Wattenschnacks Schiff und Besatzung sind auch nicht mehr da! Wattenschnack, dieser unerschrockene Held der mindestens siebenunddrei\u00dfig Weltmeere, macht sich nun gemeinsam mit seinem verpeilten Adjudanten Lispelfitz und mit Hilfe der allerungew\u00f6hnlichsten Fortbewegungsmitteln auf, um den Heiligen Karl und des R\u00e4tsels L\u00f6sung zu finden und so die schreckliche Katastrophe r\u00fcckg\u00e4ngig zu machen &#8211; und sowohl Amrum, als auch die Feier zu retten.&nbsp;<\/span><\/p>\n<p>Starg\u00e4ste: Klaus B\u00fcchner und Raymond Voss (Torfrock), Karsten Deutschmann (Extra 3, Reverend Eminent) u.v.a.<\/p>\n<p>&nbsp;<\/p>\n","protected":false},"featured_media":204,"template":"","meta":[],"product_cat":[21],"product_tag":[],"_links":{"self":[{"href":"https:\/\/schwarzweissradio.de\/shop\/wp-json\/wp\/v2\/product\/200"}],"collection":[{"href":"https:\/\/schwarzweissradio.de\/shop\/wp-json\/wp\/v2\/product"}],"about":[{"href":"https:\/\/schwarzweissradio.de\/shop\/wp-json\/wp\/v2\/types\/product"}],"wp:featuredmedia":[{"embeddable":true,"href":"https:\/\/schwarzweissradio.de\/shop\/wp-json\/wp\/v2\/media\/204"}],"wp:attachment":[{"href":"https:\/\/schwarzweissradio.de\/shop\/wp-json\/wp\/v2\/media?parent=200"}],"wp:term":[{"taxonomy":"product_cat","embeddable":true,"href":"https:\/\/schwarzweissradio.de\/shop\/wp-json\/wp\/v2\/product_cat?post=200"},{"taxonomy":"product_tag","embeddable":true,"href":"https:\/\/schwarzweissradio.de\/shop\/wp-json\/wp\/v2\/product_tag?post=200"}],"curies":[{"name":"wp","href":"https:\/\/api.w.org\/{rel}","templated":true}]}}