{"id":196,"date":"2022-01-18T19:18:21","date_gmt":"2022-01-18T18:18:21","guid":{"rendered":"https:\/\/schwarzweissradio.de\/shop\/?post_type=product&#038;p=196"},"modified":"2022-01-19T21:30:29","modified_gmt":"2022-01-19T20:30:29","slug":"kaeptn-wattenschnac-und-das-larie-farie-von-schnippi-pippet-%c2%b7-mp3-hoerspiel","status":"publish","type":"product","link":"https:\/\/schwarzweissradio.de\/shop\/produkt\/kaeptn-wattenschnac-und-das-larie-farie-von-schnippi-pippet-%c2%b7-mp3-hoerspiel\/","title":{"rendered":"K\u00e4pt`n Wattenschnack und das Larie Farie von Schnippi Pippet \u00b7 mp3 H\u00f6rspiel"},"content":{"rendered":"","protected":false},"excerpt":{"rendered":"<p><strong><span style=\"font-size: medium;\">Henry Sperling<\/span><\/strong><span style=\"font-size: medium;\"><br \/>\n<\/span><strong><span style=\"font-size: medium;\">K\u00e4pt&#8217;n Wattenschnack und das Larie Farie von Schnippi Pippet<\/span><\/strong><\/p>\n<p><span style=\"font-size: medium;\">mp3 H\u00f6rspiel<br \/>\n<\/span><\/p>\n<p><span style=\"font-size: medium;\">Maritimer H\u00f6rspiel-Ohrenschmaus: Nicht nur Tide und h\u00e4ufiger Starkwind k\u00f6nnen einen Nordseet\u00f6rn mitunter zum Abenteuer werden lassen. K\u00e4pt\u00b4n Wattenschnack (wunderbar gespielt von Gerd-Ekken Gerdes), Skipper des Dreimasters Annemarie, wei\u00df von noch mancher weiteren Unbill zu berichten, die der Blanke Hans tapferen Fahrensleuten in den Weg stellt. Wobei man allerdings selbst entscheiden muss, ob man diesem Seemannsgarn glauben mag. So steht K\u00e4pt&#8217;n Wattenschnack vor der anspruchsvollen Aufgabe, Amrum mit dem undefinierbaren, aber dennoch offenbar hei\u00df begehrten Handelsgut Larie Farie zu versorgen. Dieses w\u00e4chst und gedeiht auf der weit entfernten Insel Schnippi Pippet. Das dort lebende V\u00f6lkchen namens Kunkus Flumpus ist ein langj\u00e4hriger Handelspartner von Wattenschnacks Heimat und f\u00fcr diese K\u00f6stlichkeit bekannt. Auf ihrer Fahrt geraten Wattenschnack und seine Crew dann in ein wildes Abenteuer begegnen unter anderem einer herrschaftlich vornehmen M\u00f6we, einem Kraken mit einer Magenverstimmung, zwei alten R\u00e4tselopas sowie einem finsteren Lord of Schleichfahrt &amp; Brackwasser mit einem ebenso finsteren Plan bis sie schlie\u00dflich nach einem ph\u00e4nomenalen Showdown, zwar ohne Larie Farie, aber immerhin als Retter der Weltmeere heimkehren. <\/span><\/p>\n<p>&nbsp;<\/p>\n","protected":false},"featured_media":203,"template":"","meta":[],"product_cat":[21],"product_tag":[],"_links":{"self":[{"href":"https:\/\/schwarzweissradio.de\/shop\/wp-json\/wp\/v2\/product\/196"}],"collection":[{"href":"https:\/\/schwarzweissradio.de\/shop\/wp-json\/wp\/v2\/product"}],"about":[{"href":"https:\/\/schwarzweissradio.de\/shop\/wp-json\/wp\/v2\/types\/product"}],"wp:featuredmedia":[{"embeddable":true,"href":"https:\/\/schwarzweissradio.de\/shop\/wp-json\/wp\/v2\/media\/203"}],"wp:attachment":[{"href":"https:\/\/schwarzweissradio.de\/shop\/wp-json\/wp\/v2\/media?parent=196"}],"wp:term":[{"taxonomy":"product_cat","embeddable":true,"href":"https:\/\/schwarzweissradio.de\/shop\/wp-json\/wp\/v2\/product_cat?post=196"},{"taxonomy":"product_tag","embeddable":true,"href":"https:\/\/schwarzweissradio.de\/shop\/wp-json\/wp\/v2\/product_tag?post=196"}],"curies":[{"name":"wp","href":"https:\/\/api.w.org\/{rel}","templated":true}]}}