{"id":127,"date":"2022-01-12T13:55:01","date_gmt":"2022-01-12T12:55:01","guid":{"rendered":"http:\/\/shop.elektronord.de\/?post_type=product&#038;p=127"},"modified":"2022-01-18T17:29:09","modified_gmt":"2022-01-18T16:29:09","slug":"jens-boettcher-revolution-%c2%b7-mp3-album","status":"publish","type":"product","link":"https:\/\/schwarzweissradio.de\/shop\/produkt\/jens-boettcher-revolution-%c2%b7-mp3-album\/","title":{"rendered":"Jens B\u00f6ttcher &#8211; Revolution \u00b7 mp3 Album"},"content":{"rendered":"","protected":false},"excerpt":{"rendered":"<p><strong>Jens B\u00f6ttcher &amp; das Orchester des himmlischen Friedens &#8211; IV: Revolution<\/strong><\/p>\n<p>mp3 Version inkl. \u201eIch traf Jesus in meinem Stammcaf\u00e9\u201c, \u201eN.O.A.\u201c, \u201eGnade\u201c, \u201e4qm Jazz\u201c und \u201eLiebe, Schatten, Angst &amp; Licht\u201c (feat. Dania K\u00f6nig) uva.<\/p>\n<p><em>Der Wortakrobat, Autor und Musiker Jens B\u00f6ttcher schreibt Songs, die vielf\u00e4ltig unter die Haut gehen, zutiefst ber\u00fchren, bei mindestens einem Song auch zu Tr\u00e4nen. Authentisch bis zum letzten Wort bzw. Ton mit einer warmen Herzstimme gesungen, bewegt er sich jenseits jeden Zeitgeists und bleibt sich auch mit dieser CD treu. (\u2026) Eine lohnende Investition f\u00fcr alle sensiblen Sinnsucher\/innen mit Gesp\u00fcr f\u00fcr poetisch-ber\u00fchrende Texte, die bleibende Spuren in jedem Seelentreppenhaus (eine Wortsch\u00f6pfung von J. B.) hinterlassen. Bewegend, tr\u00f6stend, nahezu z\u00e4rtlich legt B\u00f6ttcher einem mit seiner Musik die Hand auf die Schulter wie ein guter, verst\u00e4ndnisvoller Freund. Ein w\u00fcrdiger Nachfolger f\u00fcr das grandiose Vorg\u00e4nger-Werk &#8222;Viva Dolorosa&#8220;<\/em><br \/>\n<em>(aus einer Amazon-Rezension von Georg Karlstetter)<\/em><\/p>\n","protected":false},"featured_media":41,"template":"","meta":[],"product_cat":[21],"product_tag":[],"_links":{"self":[{"href":"https:\/\/schwarzweissradio.de\/shop\/wp-json\/wp\/v2\/product\/127"}],"collection":[{"href":"https:\/\/schwarzweissradio.de\/shop\/wp-json\/wp\/v2\/product"}],"about":[{"href":"https:\/\/schwarzweissradio.de\/shop\/wp-json\/wp\/v2\/types\/product"}],"wp:featuredmedia":[{"embeddable":true,"href":"https:\/\/schwarzweissradio.de\/shop\/wp-json\/wp\/v2\/media\/41"}],"wp:attachment":[{"href":"https:\/\/schwarzweissradio.de\/shop\/wp-json\/wp\/v2\/media?parent=127"}],"wp:term":[{"taxonomy":"product_cat","embeddable":true,"href":"https:\/\/schwarzweissradio.de\/shop\/wp-json\/wp\/v2\/product_cat?post=127"},{"taxonomy":"product_tag","embeddable":true,"href":"https:\/\/schwarzweissradio.de\/shop\/wp-json\/wp\/v2\/product_tag?post=127"}],"curies":[{"name":"wp","href":"https:\/\/api.w.org\/{rel}","templated":true}]}}