{"id":125,"date":"2022-01-12T13:50:51","date_gmt":"2022-01-12T12:50:51","guid":{"rendered":"http:\/\/shop.elektronord.de\/?post_type=product&#038;p=125"},"modified":"2022-01-18T17:29:36","modified_gmt":"2022-01-18T16:29:36","slug":"jens-boettcher-unsterblich-%c2%b7-mp3-album","status":"publish","type":"product","link":"https:\/\/schwarzweissradio.de\/shop\/produkt\/jens-boettcher-unsterblich-%c2%b7-mp3-album\/","title":{"rendered":"Jens B\u00f6ttcher  Unsterblich \u00b7 mp3 Album"},"content":{"rendered":"","protected":false},"excerpt":{"rendered":"<p>Jens B\u00f6ttcher &amp; das Orchester des himmlischen Friedens\u2028V: Unsterblich\u2028 mp3 Version Inkl. \u201eSterne\u201c, \u201eDankbar\u201c, \u201eHeimweh nach einem Traum\u201c, \u201eWeil dein Tag bald anbricht\u201c etc.)<\/p>\n<p>\u201eSchon wieder ein Meisterwerk von Jens B\u00f6ttcher! Diese Lieder sind wie ein Trostpflaster und lassen einen auch in dunkleren Stunden nicht allein. B\u00f6ttcher und seine Musik sind es wert, entdeckt und geh\u00f6rt zu werden. Wer den Versuch wagt, begibt sich auf eine spannende Entdeckungsreise in sich selbst\u201c.<\/p>\n<p>(Kunden-Rezi)<\/p>\n","protected":false},"featured_media":52,"template":"","meta":[],"product_cat":[21],"product_tag":[],"_links":{"self":[{"href":"https:\/\/schwarzweissradio.de\/shop\/wp-json\/wp\/v2\/product\/125"}],"collection":[{"href":"https:\/\/schwarzweissradio.de\/shop\/wp-json\/wp\/v2\/product"}],"about":[{"href":"https:\/\/schwarzweissradio.de\/shop\/wp-json\/wp\/v2\/types\/product"}],"wp:featuredmedia":[{"embeddable":true,"href":"https:\/\/schwarzweissradio.de\/shop\/wp-json\/wp\/v2\/media\/52"}],"wp:attachment":[{"href":"https:\/\/schwarzweissradio.de\/shop\/wp-json\/wp\/v2\/media?parent=125"}],"wp:term":[{"taxonomy":"product_cat","embeddable":true,"href":"https:\/\/schwarzweissradio.de\/shop\/wp-json\/wp\/v2\/product_cat?post=125"},{"taxonomy":"product_tag","embeddable":true,"href":"https:\/\/schwarzweissradio.de\/shop\/wp-json\/wp\/v2\/product_tag?post=125"}],"curies":[{"name":"wp","href":"https:\/\/api.w.org\/{rel}","templated":true}]}}